{"id":61,"date":"2020-01-23T18:21:52","date_gmt":"2020-01-23T18:21:52","guid":{"rendered":"https:\/\/demosites.io\/web-agency-gb\/?page_id=61"},"modified":"2025-11-29T19:27:39","modified_gmt":"2025-11-29T19:27:39","slug":"15c42-web-agency-gb-about-us","status":"publish","type":"page","link":"https:\/\/ikcsigorta.com\/?page_id=61","title":{"rendered":"Hakk\u0131m\u0131zda"},"content":{"rendered":"\n<div class=\"wp-block-cover alignfull\" style=\"min-height:300px;aspect-ratio:unset;\"><span aria-hidden=\"true\" class=\"wp-block-cover__background has-nv-site-bg-background-color has-background-dim-100 has-background-dim\"><\/span><div class=\"wp-block-cover__inner-container is-layout-flow wp-block-cover-is-layout-flow\">\n<div class=\"wp-block-group\"><div class=\"wp-block-group__inner-container is-layout-flow wp-block-group-is-layout-flow\">\n<h1 class=\"wp-block-heading has-text-align-left has-neve-text-color-color has-text-color\">Hakk\u0131m\u0131zda<\/h1>\n<\/div><\/div>\n<\/div><\/div>\n\n\n\n<div class=\"wp-block-cover alignfull\" style=\"min-height:600px;aspect-ratio:unset;\"><span aria-hidden=\"true\" class=\"wp-block-cover__background has-nv-light-bg-background-color has-background-dim-100 has-background-dim\"><\/span><div class=\"wp-block-cover__inner-container is-layout-flow wp-block-cover-is-layout-flow\">\n<div class=\"wp-block-group\"><div class=\"wp-block-group__inner-container is-layout-flow wp-block-group-is-layout-flow\">\n<div style=\"height:80px\" aria-hidden=\"true\" class=\"wp-block-spacer\"><\/div>\n\n\n\n<div class=\"wp-block-columns are-vertically-aligned-center has-neve-text-color-color has-text-color is-layout-flex wp-container-core-columns-is-layout-9d6595d7 wp-block-columns-is-layout-flex\">\n<div class=\"wp-block-column is-vertically-aligned-center is-layout-flow wp-block-column-is-layout-flow\" style=\"flex-basis:50%\">\n<figure class=\"wp-block-image size-large\"><img loading=\"lazy\" decoding=\"async\" width=\"600\" height=\"600\" src=\"https:\/\/ikcsigorta.com\/wp-content\/uploads\/2020\/01\/neve-web-design-bg-09.jpg\" alt=\"\" class=\"wp-image-36\" srcset=\"https:\/\/ikcsigorta.com\/wp-content\/uploads\/2020\/01\/neve-web-design-bg-09.jpg 600w, https:\/\/ikcsigorta.com\/wp-content\/uploads\/2020\/01\/neve-web-design-bg-09-300x300.jpg 300w, https:\/\/ikcsigorta.com\/wp-content\/uploads\/2020\/01\/neve-web-design-bg-09-150x150.jpg 150w\" sizes=\"auto, (max-width: 600px) 100vw, 600px\" \/><\/figure>\n<\/div>\n\n\n\n<div class=\"wp-block-column is-vertically-aligned-center is-layout-flow wp-block-column-is-layout-flow\" style=\"flex-basis:50%\">\n<h2 class=\"wp-block-heading has-neve-text-color-color has-text-color\">Hikayemiz<\/h2>\n\n\n\n<p class=\"has-neve-text-color-color has-text-color\">2019 y\u0131l\u0131nda, sigorta sekt\u00f6r\u00fcnde uzun y\u0131llara dayanan birikimimizi kurumsal bir yap\u0131ya d\u00f6n\u00fc\u015ft\u00fcrme hedefiyle yola \u00e7\u0131kt\u0131k. Kurulu\u015fumuzdan itibaren bireysel ve kurumsal bir\u00e7ok m\u00fc\u015fterimizin ihtiya\u00e7lar\u0131na g\u00fcvenilir \u00e7\u00f6z\u00fcmler sunduk. Bug\u00fcn geni\u015fleyen portf\u00f6y\u00fcm\u00fcz\u00fcn risklerini titizlikle y\u00f6netiyor, her ge\u00e7en y\u0131l daha g\u00fc\u00e7l\u00fc ve daha sa\u011flam bir yap\u0131 ile b\u00fcy\u00fcmeye devam ediyoruz.<\/p>\n<\/div>\n<\/div>\n\n\n\n<div style=\"height:40px\" aria-hidden=\"true\" class=\"wp-block-spacer\"><\/div>\n<\/div><\/div>\n<\/div><\/div>\n\n\n\n<div class=\"wp-block-cover alignfull\" style=\"min-height:600px;aspect-ratio:unset;\"><span aria-hidden=\"true\" class=\"wp-block-cover__background has-nv-dark-bg-background-color has-background-dim-100 has-background-dim\"><\/span><div class=\"wp-block-cover__inner-container is-layout-flow wp-block-cover-is-layout-flow\">\n<div class=\"wp-block-group\"><div class=\"wp-block-group__inner-container is-layout-flow wp-block-group-is-layout-flow\">\n<div style=\"height:80px\" aria-hidden=\"true\" class=\"wp-block-spacer\"><\/div>\n\n\n\n<div class=\"wp-block-columns are-vertically-aligned-center is-layout-flex wp-container-core-columns-is-layout-9d6595d7 wp-block-columns-is-layout-flex\">\n<div class=\"wp-block-column is-vertically-aligned-center is-layout-flow wp-block-column-is-layout-flow\" style=\"flex-basis:50%\">\n<h2 class=\"wp-block-heading has-nv-text-dark-bg-color has-text-color\">De\u011ferlerimiz bizim en b\u00fcy\u00fck varl\u0131\u011f\u0131m\u0131z<\/h2>\n\n\n\n<p class=\"has-nv-text-dark-bg-color has-text-color\">M\u00fc\u015fterilerimizin g\u00fcvenini temel alan bir hizmet anlay\u0131\u015f\u0131 benimsiyoruz. \u015eeffafl\u0131k, sorumluluk, s\u00fcrd\u00fcr\u00fclebilirlik ve m\u00fc\u015fteri odakl\u0131l\u0131k ilkeleriyle hareket ediyor; do\u011fru risk y\u00f6netimi, h\u0131zl\u0131 \u00e7\u00f6z\u00fcm \u00fcretme ve etik i\u015f yakla\u015f\u0131m\u0131n\u0131 t\u00fcm s\u00fcre\u00e7lerimizin merkezinde tutuyoruz.<\/p>\n\n\n\n<div class=\"wp-block-buttons is-layout-flex wp-block-buttons-is-layout-flex\"><\/div>\n<\/div>\n\n\n\n<div class=\"wp-block-column is-vertically-aligned-center is-layout-flow wp-block-column-is-layout-flow\" style=\"flex-basis:50%\">\n<figure class=\"wp-block-image size-large\"><img loading=\"lazy\" decoding=\"async\" width=\"600\" height=\"600\" src=\"https:\/\/ikcsigorta.com\/wp-content\/uploads\/2020\/01\/neve-web-design-bg-12.jpg\" alt=\"\" class=\"wp-image-39\" srcset=\"https:\/\/ikcsigorta.com\/wp-content\/uploads\/2020\/01\/neve-web-design-bg-12.jpg 600w, https:\/\/ikcsigorta.com\/wp-content\/uploads\/2020\/01\/neve-web-design-bg-12-300x300.jpg 300w, https:\/\/ikcsigorta.com\/wp-content\/uploads\/2020\/01\/neve-web-design-bg-12-150x150.jpg 150w\" sizes=\"auto, (max-width: 600px) 100vw, 600px\" \/><\/figure>\n<\/div>\n<\/div>\n\n\n\n<div style=\"height:40px\" aria-hidden=\"true\" class=\"wp-block-spacer\"><\/div>\n<\/div><\/div>\n<\/div><\/div>\n\n\n\n<div class=\"wp-block-cover alignfull\" style=\"min-height:420px;aspect-ratio:unset;\"><span aria-hidden=\"true\" class=\"wp-block-cover__background has-nv-site-bg-background-color has-background-dim-100 has-background-dim\"><\/span><div class=\"wp-block-cover__inner-container is-layout-flow wp-block-cover-is-layout-flow\">\n<div style=\"height:80px\" aria-hidden=\"true\" class=\"wp-block-spacer\"><\/div>\n\n\n\n<div class=\"wp-block-columns is-layout-flex wp-container-core-columns-is-layout-9d6595d7 wp-block-columns-is-layout-flex\">\n<div class=\"wp-block-column ticss-4ce656f1 is-layout-flow wp-block-column-is-layout-flow\">\n<figure class=\"wp-block-image size-large icon-style is-style-rounded\"><img loading=\"lazy\" decoding=\"async\" width=\"72\" height=\"72\" src=\"https:\/\/ikcsigorta.com\/wp-content\/uploads\/2020\/01\/neve-webdesign-GB-03.png\" alt=\"\" class=\"wp-image-20\"\/><\/figure>\n\n\n\n<div style=\"height:24px\" aria-hidden=\"true\" class=\"wp-block-spacer\"><\/div>\n\n\n\n<h3 class=\"wp-block-heading has-text-align-left has-text-align-center has-neve-text-color-color has-text-color\">G\u00fcvenilirlik<\/h3>\n\n\n\n<p class=\"has-text-align-left has-neve-text-color-color has-text-color\">T\u00fcm s\u00fcre\u00e7lerimizde \u015feffaf, tutarl\u0131 ve sorumluluk sahibi bir yakla\u015f\u0131m sergileriz.<\/p>\n\n\n\n<div style=\"height:20px\" aria-hidden=\"true\" class=\"wp-block-spacer\"><\/div>\n<\/div>\n\n\n\n<div class=\"wp-block-column ticss-f6fc7494 is-layout-flow wp-block-column-is-layout-flow\">\n<figure class=\"wp-block-image size-large icon-style is-style-rounded\"><img loading=\"lazy\" decoding=\"async\" width=\"72\" height=\"72\" src=\"https:\/\/ikcsigorta.com\/wp-content\/uploads\/2020\/01\/neve-webdesign-GB-03.png\" alt=\"\" class=\"wp-image-20\"\/><\/figure>\n\n\n\n<div style=\"height:24px\" aria-hidden=\"true\" class=\"wp-block-spacer\"><\/div>\n\n\n\n<h3 class=\"wp-block-heading has-text-align-left has-text-align-center has-neve-text-color-color has-text-color\">H\u0131zl\u0131 \u00c7\u00f6z\u00fcm<\/h3>\n\n\n\n<p class=\"has-text-align-left has-neve-text-color-color has-text-color\">Sigortal\u0131lar\u0131m\u0131z\u0131n ihtiya\u00e7lar\u0131na en k\u0131sa s\u00fcrede etkili \u00e7\u00f6z\u00fcmler sunar\u0131z.<\/p>\n\n\n\n<div style=\"height:20px\" aria-hidden=\"true\" class=\"wp-block-spacer\"><\/div>\n<\/div>\n\n\n\n<div class=\"wp-block-column ticss-a5b4df29 is-layout-flow wp-block-column-is-layout-flow\">\n<figure class=\"wp-block-image size-large icon-style is-style-rounded\"><img loading=\"lazy\" decoding=\"async\" width=\"72\" height=\"72\" src=\"https:\/\/ikcsigorta.com\/wp-content\/uploads\/2020\/01\/neve-webdesign-GB-03.png\" alt=\"\" class=\"wp-image-20\"\/><\/figure>\n\n\n\n<div style=\"height:24px\" aria-hidden=\"true\" class=\"wp-block-spacer\"><\/div>\n\n\n\n<h3 class=\"wp-block-heading has-text-align-left has-text-align-center has-neve-text-color-color has-text-color\">Uzmanl\u0131k<\/h3>\n\n\n\n<p class=\"has-text-align-left has-neve-text-color-color has-text-color\">Deneyimli ekibimizle karma\u015f\u0131k riskleri analiz ederek en do\u011fru sigorta \u00e7\u00f6z\u00fcmlerini \u00fcretiriz.<\/p>\n\n\n\n<div style=\"height:20px\" aria-hidden=\"true\" class=\"wp-block-spacer\"><\/div>\n<\/div>\n<\/div>\n\n\n\n<div style=\"height:30px\" aria-hidden=\"true\" class=\"wp-block-spacer\"><\/div>\n<\/div><\/div>\n","protected":false},"excerpt":{"rendered":"","protected":false},"author":1,"featured_media":0,"parent":0,"menu_order":0,"comment_status":"closed","ping_status":"closed","template":"","meta":{"neve_meta_sidebar":"default","neve_meta_container":"default","neve_meta_enable_content_width":"on","neve_meta_content_width":100,"neve_meta_title_alignment":"","neve_meta_author_avatar":"","neve_post_elements_order":"","neve_meta_disable_header":"","neve_meta_disable_footer":"","neve_meta_disable_title":"on","_themeisle_gutenberg_block_has_review":false,"footnotes":""},"class_list":["post-61","page","type-page","status-publish","hentry"],"_links":{"self":[{"href":"https:\/\/ikcsigorta.com\/index.php?rest_route=\/wp\/v2\/pages\/61","targetHints":{"allow":["GET"]}}],"collection":[{"href":"https:\/\/ikcsigorta.com\/index.php?rest_route=\/wp\/v2\/pages"}],"about":[{"href":"https:\/\/ikcsigorta.com\/index.php?rest_route=\/wp\/v2\/types\/page"}],"author":[{"embeddable":true,"href":"https:\/\/ikcsigorta.com\/index.php?rest_route=\/wp\/v2\/users\/1"}],"replies":[{"embeddable":true,"href":"https:\/\/ikcsigorta.com\/index.php?rest_route=%2Fwp%2Fv2%2Fcomments&post=61"}],"version-history":[{"count":2,"href":"https:\/\/ikcsigorta.com\/index.php?rest_route=\/wp\/v2\/pages\/61\/revisions"}],"predecessor-version":[{"id":400,"href":"https:\/\/ikcsigorta.com\/index.php?rest_route=\/wp\/v2\/pages\/61\/revisions\/400"}],"wp:attachment":[{"href":"https:\/\/ikcsigorta.com\/index.php?rest_route=%2Fwp%2Fv2%2Fmedia&parent=61"}],"curies":[{"name":"wp","href":"https:\/\/api.w.org\/{rel}","templated":true}]}}